{"id":4080,"date":"2025-04-04T16:23:19","date_gmt":"2025-04-04T13:23:19","guid":{"rendered":"https:\/\/servoberk.com\/makine-emniyeti-ve-fonksiyonel-guvenlik-2\/"},"modified":"2025-04-04T16:37:36","modified_gmt":"2025-04-04T13:37:36","slug":"makine-emniyeti-ve-fonksiyonel-guvenlik-2","status":"publish","type":"page","link":"https:\/\/servoberk.com\/en\/makine-emniyeti-ve-fonksiyonel-guvenlik-2\/","title":{"rendered":"Makine Emniyeti ve Fonksiyonel G\u00fcvenlik"},"content":{"rendered":"","protected":false},"excerpt":{"rendered":"","protected":false},"author":2,"featured_media":0,"parent":0,"menu_order":0,"comment_status":"closed","ping_status":"closed","template":"full-width","meta":{"saved_in_kubio":true,"footnotes":""},"class_list":["post-4080","page","type-page","status-publish","hentry"],"kubio_ai_page_context":{"short_desc":"","purpose":"general"},"yoast_head":"<!-- This site is optimized with the Yoast SEO plugin v24.8.1 - https:\/\/yoast.com\/wordpress\/plugins\/seo\/ -->\n<title>Servoberk Otomasyon | Rittal Pano Sistemleri<\/title>\n<meta name=\"description\" content=\"Servoberk, otomasyon ve Rittal kabin sistemlerinde uzman m\u00fchendislik \u00e7\u00f6z\u00fcmleri sunar. Ak\u0131ll\u0131 \u00fcretim i\u00e7in yan\u0131n\u0131zday\u0131z.\" \/>\n<meta name=\"robots\" content=\"index, follow, max-snippet:-1, max-image-preview:large, max-video-preview:-1\" \/>\n<link rel=\"canonical\" href=\"https:\/\/servoberk.com\/en\/makine-emniyeti-ve-fonksiyonel-guvenlik-2\/\" \/>\n<meta property=\"og:locale\" content=\"en_US\" \/>\n<meta property=\"og:type\" content=\"article\" \/>\n<meta property=\"og:title\" content=\"Servoberk Otomasyon | Rittal Pano Sistemleri\" \/>\n<meta property=\"og:description\" content=\"Servoberk, otomasyon ve Rittal kabin sistemlerinde uzman m\u00fchendislik \u00e7\u00f6z\u00fcmleri sunar. Ak\u0131ll\u0131 \u00fcretim i\u00e7in yan\u0131n\u0131zday\u0131z.\" \/>\n<meta property=\"og:url\" content=\"https:\/\/servoberk.com\/en\/makine-emniyeti-ve-fonksiyonel-guvenlik-2\/\" \/>\n<meta property=\"og:site_name\" content=\"Servoberk Otomasyon \u2013 End\u00fcstriyel \u00c7\u00f6z\u00fcmler ve G\u00fcvenlik Sistemleri\" \/>\n<meta property=\"article:modified_time\" content=\"2025-04-04T13:37:36+00:00\" \/>\n<meta property=\"og:image\" content=\"https:\/\/servoberk.com\/wp-content\/uploads\/Sirket-Profili.png\" \/>\n\t<meta property=\"og:image:width\" content=\"1920\" \/>\n\t<meta property=\"og:image:height\" content=\"1080\" \/>\n\t<meta property=\"og:image:type\" content=\"image\/png\" \/>\n<meta name=\"twitter:card\" content=\"summary_large_image\" \/>\n<meta name=\"twitter:label1\" content=\"Est. reading time\" \/>\n\t<meta name=\"twitter:data1\" content=\"3 minutes\" \/>\n<script type=\"application\/ld+json\" class=\"yoast-schema-graph\">{\"@context\":\"https:\/\/schema.org\",\"@graph\":[{\"@type\":\"WebPage\",\"@id\":\"https:\/\/servoberk.com\/makine-emniyeti-ve-fonksiyonel-guvenlik-2\/\",\"url\":\"https:\/\/servoberk.com\/makine-emniyeti-ve-fonksiyonel-guvenlik-2\/\",\"name\":\"Servoberk Otomasyon | Rittal Pano Sistemleri\",\"isPartOf\":{\"@id\":\"https:\/\/servoberk.com\/#website\"},\"datePublished\":\"2025-04-04T13:23:19+00:00\",\"dateModified\":\"2025-04-04T13:37:36+00:00\",\"description\":\"Servoberk, otomasyon ve Rittal kabin sistemlerinde uzman m\u00fchendislik \u00e7\u00f6z\u00fcmleri sunar. Ak\u0131ll\u0131 \u00fcretim i\u00e7in yan\u0131n\u0131zday\u0131z.\",\"breadcrumb\":{\"@id\":\"https:\/\/servoberk.com\/makine-emniyeti-ve-fonksiyonel-guvenlik-2\/#breadcrumb\"},\"inLanguage\":\"en-US\",\"potentialAction\":[{\"@type\":\"ReadAction\",\"target\":[\"https:\/\/servoberk.com\/makine-emniyeti-ve-fonksiyonel-guvenlik-2\/\"]}]},{\"@type\":\"BreadcrumbList\",\"@id\":\"https:\/\/servoberk.com\/makine-emniyeti-ve-fonksiyonel-guvenlik-2\/#breadcrumb\",\"itemListElement\":[{\"@type\":\"ListItem\",\"position\":1,\"name\":\"Anasayfa\",\"item\":\"https:\/\/servoberk.com\/\"},{\"@type\":\"ListItem\",\"position\":2,\"name\":\"Makine Emniyeti ve Fonksiyonel G\u00fcvenlik\"}]},{\"@type\":\"WebSite\",\"@id\":\"https:\/\/servoberk.com\/#website\",\"url\":\"https:\/\/servoberk.com\/\",\"name\":\"Servoberk Otomasyon | Rittal Pano Sistemleri\",\"description\":\"End\u00fcstriyel otomasyon, g\u00fcvenlik sistemleri ve m\u00fchendislik \u00e7\u00f6z\u00fcmleriyle Servoberk yan\u0131n\u0131zda.\",\"publisher\":{\"@id\":\"https:\/\/servoberk.com\/#organization\"},\"alternateName\":\"www.servoberk.com\",\"potentialAction\":[{\"@type\":\"SearchAction\",\"target\":{\"@type\":\"EntryPoint\",\"urlTemplate\":\"https:\/\/servoberk.com\/?s={search_term_string}\"},\"query-input\":{\"@type\":\"PropertyValueSpecification\",\"valueRequired\":true,\"valueName\":\"search_term_string\"}}],\"inLanguage\":\"en-US\"},{\"@type\":\"Organization\",\"@id\":\"https:\/\/servoberk.com\/#organization\",\"name\":\"Servoberk Otomasyon | Rittal Pano Sistemleri\",\"url\":\"https:\/\/servoberk.com\/\",\"logo\":{\"@type\":\"ImageObject\",\"inLanguage\":\"en-US\",\"@id\":\"https:\/\/servoberk.com\/#\/schema\/logo\/image\/\",\"url\":\"https:\/\/servoberk.com\/wp-content\/uploads\/Sirket-Profili.png\",\"contentUrl\":\"https:\/\/servoberk.com\/wp-content\/uploads\/Sirket-Profili.png\",\"width\":1920,\"height\":1080,\"caption\":\"Servoberk Otomasyon | Rittal Pano Sistemleri\"},\"image\":{\"@id\":\"https:\/\/servoberk.com\/#\/schema\/logo\/image\/\"}}]}<\/script>\n<!-- \/ Yoast SEO plugin. -->","yoast_head_json":{"title":"Servoberk Otomasyon | Rittal Pano Sistemleri","description":"Servoberk, otomasyon ve Rittal kabin sistemlerinde uzman m\u00fchendislik \u00e7\u00f6z\u00fcmleri sunar. Ak\u0131ll\u0131 \u00fcretim i\u00e7in yan\u0131n\u0131zday\u0131z.","robots":{"index":"index","follow":"follow","max-snippet":"max-snippet:-1","max-image-preview":"max-image-preview:large","max-video-preview":"max-video-preview:-1"},"canonical":"https:\/\/servoberk.com\/en\/makine-emniyeti-ve-fonksiyonel-guvenlik-2\/","og_locale":"en_US","og_type":"article","og_title":"Servoberk Otomasyon | Rittal Pano Sistemleri","og_description":"Servoberk, otomasyon ve Rittal kabin sistemlerinde uzman m\u00fchendislik \u00e7\u00f6z\u00fcmleri sunar. Ak\u0131ll\u0131 \u00fcretim i\u00e7in yan\u0131n\u0131zday\u0131z.","og_url":"https:\/\/servoberk.com\/en\/makine-emniyeti-ve-fonksiyonel-guvenlik-2\/","og_site_name":"Servoberk Otomasyon \u2013 End\u00fcstriyel \u00c7\u00f6z\u00fcmler ve G\u00fcvenlik Sistemleri","article_modified_time":"2025-04-04T13:37:36+00:00","og_image":[{"width":1920,"height":1080,"url":"https:\/\/servoberk.com\/wp-content\/uploads\/Sirket-Profili.png","type":"image\/png"}],"twitter_card":"summary_large_image","twitter_misc":{"Est. reading time":"3 minutes"},"schema":{"@context":"https:\/\/schema.org","@graph":[{"@type":"WebPage","@id":"https:\/\/servoberk.com\/makine-emniyeti-ve-fonksiyonel-guvenlik-2\/","url":"https:\/\/servoberk.com\/makine-emniyeti-ve-fonksiyonel-guvenlik-2\/","name":"Servoberk Otomasyon | Rittal Pano Sistemleri","isPartOf":{"@id":"https:\/\/servoberk.com\/#website"},"datePublished":"2025-04-04T13:23:19+00:00","dateModified":"2025-04-04T13:37:36+00:00","description":"Servoberk, otomasyon ve Rittal kabin sistemlerinde uzman m\u00fchendislik \u00e7\u00f6z\u00fcmleri sunar. Ak\u0131ll\u0131 \u00fcretim i\u00e7in yan\u0131n\u0131zday\u0131z.","breadcrumb":{"@id":"https:\/\/servoberk.com\/makine-emniyeti-ve-fonksiyonel-guvenlik-2\/#breadcrumb"},"inLanguage":"en-US","potentialAction":[{"@type":"ReadAction","target":["https:\/\/servoberk.com\/makine-emniyeti-ve-fonksiyonel-guvenlik-2\/"]}]},{"@type":"BreadcrumbList","@id":"https:\/\/servoberk.com\/makine-emniyeti-ve-fonksiyonel-guvenlik-2\/#breadcrumb","itemListElement":[{"@type":"ListItem","position":1,"name":"Anasayfa","item":"https:\/\/servoberk.com\/"},{"@type":"ListItem","position":2,"name":"Makine Emniyeti ve Fonksiyonel G\u00fcvenlik"}]},{"@type":"WebSite","@id":"https:\/\/servoberk.com\/#website","url":"https:\/\/servoberk.com\/","name":"Servoberk Otomasyon | Rittal Pano Sistemleri","description":"End\u00fcstriyel otomasyon, g\u00fcvenlik sistemleri ve m\u00fchendislik \u00e7\u00f6z\u00fcmleriyle Servoberk yan\u0131n\u0131zda.","publisher":{"@id":"https:\/\/servoberk.com\/#organization"},"alternateName":"www.servoberk.com","potentialAction":[{"@type":"SearchAction","target":{"@type":"EntryPoint","urlTemplate":"https:\/\/servoberk.com\/?s={search_term_string}"},"query-input":{"@type":"PropertyValueSpecification","valueRequired":true,"valueName":"search_term_string"}}],"inLanguage":"en-US"},{"@type":"Organization","@id":"https:\/\/servoberk.com\/#organization","name":"Servoberk Otomasyon | Rittal Pano Sistemleri","url":"https:\/\/servoberk.com\/","logo":{"@type":"ImageObject","inLanguage":"en-US","@id":"https:\/\/servoberk.com\/#\/schema\/logo\/image\/","url":"https:\/\/servoberk.com\/wp-content\/uploads\/Sirket-Profili.png","contentUrl":"https:\/\/servoberk.com\/wp-content\/uploads\/Sirket-Profili.png","width":1920,"height":1080,"caption":"Servoberk Otomasyon | Rittal Pano Sistemleri"},"image":{"@id":"https:\/\/servoberk.com\/#\/schema\/logo\/image\/"}}]}},"_links":{"self":[{"href":"https:\/\/servoberk.com\/en\/wp-json\/wp\/v2\/pages\/4080","targetHints":{"allow":["GET"]}}],"collection":[{"href":"https:\/\/servoberk.com\/en\/wp-json\/wp\/v2\/pages"}],"about":[{"href":"https:\/\/servoberk.com\/en\/wp-json\/wp\/v2\/types\/page"}],"author":[{"embeddable":true,"href":"https:\/\/servoberk.com\/en\/wp-json\/wp\/v2\/users\/2"}],"replies":[{"embeddable":true,"href":"https:\/\/servoberk.com\/en\/wp-json\/wp\/v2\/comments?post=4080"}],"version-history":[{"count":1,"href":"https:\/\/servoberk.com\/en\/wp-json\/wp\/v2\/pages\/4080\/revisions"}],"predecessor-version":[{"id":4085,"href":"https:\/\/servoberk.com\/en\/wp-json\/wp\/v2\/pages\/4080\/revisions\/4085"}],"wp:attachment":[{"href":"https:\/\/servoberk.com\/en\/wp-json\/wp\/v2\/media?parent=4080"}],"curies":[{"name":"wp","href":"https:\/\/api.w.org\/{rel}","templated":true}]}}